{"id":178,"date":"2022-10-14T09:48:31","date_gmt":"2022-10-14T07:48:31","guid":{"rendered":"https:\/\/dev.supresu.com\/?page_id=178"},"modified":"2023-11-02T20:30:06","modified_gmt":"2023-11-02T19:30:06","slug":"quienes-somos","status":"publish","type":"page","link":"https:\/\/dev.supresu.com\/en\/quienes-somos\/","title":{"rendered":"Who are we"},"content":{"rendered":"<div data-elementor-type=\"wp-page\" data-elementor-id=\"178\" class=\"elementor elementor-178\" data-elementor-post-type=\"page\">\n\t\t\t\t\t\t\t<div class=\"elementor-element elementor-element-8d2d6e3 e-con-full e-flex e-con e-parent\" data-id=\"8d2d6e3\" data-element_type=\"container\" data-settings=\"{&quot;background_background&quot;:&quot;classic&quot;,&quot;content_width&quot;:&quot;full&quot;,&quot;container_type&quot;:&quot;flex&quot;}\" data-core-v316-plus=\"true\">\n\t\t<div class=\"elementor-element elementor-element-948f50b fc-container-equal-l e-flex e-con-boxed e-con e-child\" data-id=\"948f50b\" data-element_type=\"container\" data-settings=\"{&quot;container_type&quot;:&quot;flex&quot;,&quot;content_width&quot;:&quot;boxed&quot;}\">\n\t\t\t\t\t<div class=\"e-con-inner\">\n\t\t\t\t<div class=\"elementor-element elementor-element-200426d elementor-widget elementor-widget-heading\" data-id=\"200426d\" data-element_type=\"widget\" data-widget_type=\"heading.default\">\n\t\t\t\t<div class=\"elementor-widget-container\">\n\t\t\t<h1 class=\"elementor-heading-title elementor-size-default\">Who are we<\/h1>\t\t<\/div>\n\t\t\t\t<\/div>\n\t\t\t\t\t<\/div>\n\t\t\t\t<\/div>\n\t\t\t\t<\/div>\n\t\t<div class=\"elementor-element elementor-element-064e3a8 fc-container-padding-l e-flex e-con-boxed e-con e-parent\" data-id=\"064e3a8\" data-element_type=\"container\" data-settings=\"{&quot;background_background&quot;:&quot;classic&quot;,&quot;container_type&quot;:&quot;flex&quot;,&quot;content_width&quot;:&quot;boxed&quot;}\" data-core-v316-plus=\"true\">\n\t\t\t\t\t<div class=\"e-con-inner\">\n\t\t<div class=\"elementor-element elementor-element-3e9583b e-flex e-con-boxed e-con e-child\" data-id=\"3e9583b\" data-element_type=\"container\" data-settings=\"{&quot;container_type&quot;:&quot;flex&quot;,&quot;content_width&quot;:&quot;boxed&quot;}\">\n\t\t\t\t\t<div class=\"e-con-inner\">\n\t\t\t\t<div class=\"elementor-element elementor-element-6ccba21 elementor-widget elementor-widget-heading\" data-id=\"6ccba21\" data-element_type=\"widget\" data-widget_type=\"heading.default\">\n\t\t\t\t<div class=\"elementor-widget-container\">\n\t\t\t<h2 class=\"elementor-heading-title elementor-size-default\">\u201cSince we started in 1972, we have worked in the high precision machining for all industries\u201d.<\/h2>\t\t<\/div>\n\t\t\t\t<\/div>\n\t\t\t\t\t<\/div>\n\t\t\t\t<\/div>\n\t\t\t\t\t<\/div>\n\t\t\t\t<\/div>\n\t\t<div class=\"elementor-element elementor-element-e39a972 e-con-full e-flex e-con e-parent\" data-id=\"e39a972\" data-element_type=\"container\" data-settings=\"{&quot;content_width&quot;:&quot;full&quot;,&quot;container_type&quot;:&quot;flex&quot;}\" data-core-v316-plus=\"true\">\n\t\t<div class=\"elementor-element elementor-element-302ea20 e-con-full e-flex e-con e-child\" data-id=\"302ea20\" data-element_type=\"container\" data-settings=\"{&quot;content_width&quot;:&quot;full&quot;,&quot;background_background&quot;:&quot;classic&quot;,&quot;container_type&quot;:&quot;flex&quot;}\">\n\t\t\t\t<\/div>\n\t\t<div class=\"elementor-element elementor-element-f4b2f2c e-con-full e-flex e-con e-child\" data-id=\"f4b2f2c\" data-element_type=\"container\" data-settings=\"{&quot;content_width&quot;:&quot;full&quot;,&quot;background_background&quot;:&quot;classic&quot;,&quot;container_type&quot;:&quot;flex&quot;}\">\n\t\t<div class=\"elementor-element elementor-element-cd97cd6 fc-container-equal fc-container-col-boxed fc-container-col-boxed-left e-con-full e-flex elementor-invisible e-con e-child\" data-id=\"cd97cd6\" data-element_type=\"container\" data-settings=\"{&quot;animation&quot;:&quot;fadeIn&quot;,&quot;content_width&quot;:&quot;full&quot;,&quot;background_background&quot;:&quot;classic&quot;,&quot;container_type&quot;:&quot;flex&quot;}\">\n\t\t\t\t<div class=\"elementor-element elementor-element-ba78995 elementor-widget elementor-widget-heading\" data-id=\"ba78995\" data-element_type=\"widget\" data-widget_type=\"heading.default\">\n\t\t\t\t<div class=\"elementor-widget-container\">\n\t\t\t<h2 class=\"elementor-heading-title elementor-size-default\">Evolution <br>\n<b>and Innovation<\/b><\/h2>\t\t<\/div>\n\t\t\t\t<\/div>\n\t\t\t\t<div class=\"elementor-element elementor-element-541e4e9 elementor-widget-divider--view-line elementor-widget elementor-widget-divider\" data-id=\"541e4e9\" data-element_type=\"widget\" data-widget_type=\"divider.default\">\n\t\t\t\t<div class=\"elementor-widget-container\">\n\t\t\t\t\t<div class=\"elementor-divider\">\n\t\t\t<span class=\"elementor-divider-separator\">\n\t\t\t\t\t\t<\/span>\n\t\t<\/div>\n\t\t\t\t<\/div>\n\t\t\t\t<\/div>\n\t\t\t\t<div class=\"elementor-element elementor-element-594c22c elementor-widget elementor-widget-text-editor\" data-id=\"594c22c\" data-element_type=\"widget\" data-widget_type=\"text-editor.default\">\n\t\t\t\t<div class=\"elementor-widget-container\">\n\t\t\t\t\t\t\t<p class=\" translation-block\">In <strong>Supresu <\/strong>we have evolved by continuously renewing our machinery fleet as well as our verification and control aspects reaching to increasingly demanding customers and specialising in products of great complexity, offering integral solutions.<\/p><p class=\" translation-block\">Our quality management system is certified according to <strong>DIN EN ISO 9001: 2015, DIN EN ISO 13485:2016 <\/strong>(medical devices).<\/p>\t\t\t\t\t\t<\/div>\n\t\t\t\t<\/div>\n\t\t\t\t<\/div>\n\t\t\t\t<\/div>\n\t\t\t\t<\/div>\n\t\t<div class=\"elementor-element elementor-element-4592767 e-con-full e-flex e-con e-parent\" data-id=\"4592767\" data-element_type=\"container\" data-settings=\"{&quot;content_width&quot;:&quot;full&quot;,&quot;container_type&quot;:&quot;flex&quot;}\" data-core-v316-plus=\"true\">\n\t\t<div class=\"elementor-element elementor-element-2456495 e-con-full e-flex e-con e-child\" data-id=\"2456495\" data-element_type=\"container\" data-settings=\"{&quot;content_width&quot;:&quot;full&quot;,&quot;background_background&quot;:&quot;classic&quot;,&quot;container_type&quot;:&quot;flex&quot;}\">\n\t\t\t\t<\/div>\n\t\t<div class=\"elementor-element elementor-element-f980eea e-con-full e-flex e-con e-child\" data-id=\"f980eea\" data-element_type=\"container\" data-settings=\"{&quot;content_width&quot;:&quot;full&quot;,&quot;background_background&quot;:&quot;classic&quot;,&quot;container_type&quot;:&quot;flex&quot;}\">\n\t\t<div class=\"elementor-element elementor-element-3711500 fc-container-equal fc-container-col-boxed fc-container-col-boxed-right e-con-full e-flex elementor-invisible e-con e-child\" data-id=\"3711500\" data-element_type=\"container\" data-settings=\"{&quot;animation&quot;:&quot;fadeIn&quot;,&quot;content_width&quot;:&quot;full&quot;,&quot;background_background&quot;:&quot;classic&quot;,&quot;container_type&quot;:&quot;flex&quot;}\">\n\t\t\t\t<div class=\"elementor-element elementor-element-341561a elementor-widget elementor-widget-heading\" data-id=\"341561a\" data-element_type=\"widget\" data-widget_type=\"heading.default\">\n\t\t\t\t<div class=\"elementor-widget-container\">\n\t\t\t<h2 class=\"elementor-heading-title elementor-size-default\">Quality, <br>\n<b>our biggest asset<\/b><\/h2>\t\t<\/div>\n\t\t\t\t<\/div>\n\t\t\t\t<div class=\"elementor-element elementor-element-0499735 elementor-widget-divider--view-line elementor-widget elementor-widget-divider\" data-id=\"0499735\" data-element_type=\"widget\" data-widget_type=\"divider.default\">\n\t\t\t\t<div class=\"elementor-widget-container\">\n\t\t\t\t\t<div class=\"elementor-divider\">\n\t\t\t<span class=\"elementor-divider-separator\">\n\t\t\t\t\t\t<\/span>\n\t\t<\/div>\n\t\t\t\t<\/div>\n\t\t\t\t<\/div>\n\t\t\t\t<div class=\"elementor-element elementor-element-5128dad elementor-widget elementor-widget-text-editor\" data-id=\"5128dad\" data-element_type=\"widget\" data-widget_type=\"text-editor.default\">\n\t\t\t\t<div class=\"elementor-widget-container\">\n\t\t\t\t\t\t\t<p class=\" translation-block\">In <strong>Supresu <\/strong>we intend to be a leader company in the micro-mechanics industry, confirming our existence for <strong>over 50 years <\/strong>in the market, a reference in the quality of the products supplied as well as the service provided.<\/p><p class=\" translation-block\"><strong>We always work to improve all the processes in our activity<\/strong>, particularly production, walking towards business excellence.<\/p>\t\t\t\t\t\t<\/div>\n\t\t\t\t<\/div>\n\t\t\t\t<\/div>\n\t\t\t\t<\/div>\n\t\t\t\t<\/div>\n\t\t<div class=\"elementor-element elementor-element-653fe0f e-con-full fc-container-padding-l e-flex e-con e-parent\" data-id=\"653fe0f\" data-element_type=\"container\" data-settings=\"{&quot;content_width&quot;:&quot;full&quot;,&quot;background_background&quot;:&quot;classic&quot;,&quot;container_type&quot;:&quot;flex&quot;}\" data-core-v316-plus=\"true\">\n\t\t<div class=\"elementor-element elementor-element-75172a9 e-flex e-con-boxed e-con e-child\" data-id=\"75172a9\" data-element_type=\"container\" data-settings=\"{&quot;container_type&quot;:&quot;flex&quot;,&quot;content_width&quot;:&quot;boxed&quot;}\">\n\t\t\t\t\t<div class=\"e-con-inner\">\n\t\t<div class=\"elementor-element elementor-element-6aee699 e-flex e-con-boxed e-con e-child\" data-id=\"6aee699\" data-element_type=\"container\" data-settings=\"{&quot;container_type&quot;:&quot;flex&quot;,&quot;content_width&quot;:&quot;boxed&quot;}\">\n\t\t\t\t\t<div class=\"e-con-inner\">\n\t\t<div class=\"elementor-element elementor-element-5bb80b4 e-flex e-con-boxed e-con e-child\" data-id=\"5bb80b4\" data-element_type=\"container\" data-settings=\"{&quot;container_type&quot;:&quot;flex&quot;,&quot;content_width&quot;:&quot;boxed&quot;}\">\n\t\t\t\t\t<div class=\"e-con-inner\">\n\t\t<div class=\"elementor-element elementor-element-1c8a30c e-con-full e-flex e-con e-child\" data-id=\"1c8a30c\" data-element_type=\"container\" data-settings=\"{&quot;content_width&quot;:&quot;full&quot;,&quot;container_type&quot;:&quot;flex&quot;}\">\n\t\t\t\t<div class=\"elementor-element elementor-element-6da77f1 elementor-widget elementor-widget-image\" data-id=\"6da77f1\" data-element_type=\"widget\" data-widget_type=\"image.default\">\n\t\t\t\t<div class=\"elementor-widget-container\">\n\t\t\t\t\t\t\t\t\t\t\t\t\t\t\t<img decoding=\"async\" width=\"466\" height=\"466\" src=\"https:\/\/dev.supresu.com\/wp-content\/uploads\/2023\/10\/ico-cliente.png\" class=\"attachment-large size-large wp-image-1603\" alt=\"\" srcset=\"https:\/\/dev.supresu.com\/wp-content\/uploads\/2023\/10\/ico-cliente.png 466w, https:\/\/dev.supresu.com\/wp-content\/uploads\/2023\/10\/ico-cliente-300x300.png 300w, https:\/\/dev.supresu.com\/wp-content\/uploads\/2023\/10\/ico-cliente-150x150.png 150w, https:\/\/dev.supresu.com\/wp-content\/uploads\/2023\/10\/ico-cliente-12x12.png 12w\" sizes=\"(max-width: 466px) 100vw, 466px\">\t\t\t\t\t\t\t\t\t\t\t\t\t\t\t<\/div>\n\t\t\t\t<\/div>\n\t\t\t\t<div class=\"elementor-element elementor-element-a538b2a elementor-widget elementor-widget-heading\" data-id=\"a538b2a\" data-element_type=\"widget\" data-widget_type=\"heading.default\">\n\t\t\t\t<div class=\"elementor-widget-container\">\n\t\t\t<h3 class=\"elementor-heading-title elementor-size-default\">Customer satisfaction<\/h3>\t\t<\/div>\n\t\t\t\t<\/div>\n\t\t\t\t<div class=\"elementor-element elementor-element-29888c5 elementor-widget elementor-widget-text-editor\" data-id=\"29888c5\" data-element_type=\"widget\" data-widget_type=\"text-editor.default\">\n\t\t\t\t<div class=\"elementor-widget-container\">\n\t\t\t\t\t\t\t<p>Our main aim is to achieve the customer\u2019s full satisfaction, working to prevent non-conformities. <\/p>\t\t\t\t\t\t<\/div>\n\t\t\t\t<\/div>\n\t\t\t\t<\/div>\n\t\t<div class=\"elementor-element elementor-element-cb682ab e-con-full e-flex e-con e-child\" data-id=\"cb682ab\" data-element_type=\"container\" data-settings=\"{&quot;content_width&quot;:&quot;full&quot;,&quot;container_type&quot;:&quot;flex&quot;}\">\n\t\t\t\t<div class=\"elementor-element elementor-element-ba9912b elementor-widget elementor-widget-image\" data-id=\"ba9912b\" data-element_type=\"widget\" data-widget_type=\"image.default\">\n\t\t\t\t<div class=\"elementor-widget-container\">\n\t\t\t\t\t\t\t\t\t\t\t\t\t\t\t<img decoding=\"async\" width=\"466\" height=\"466\" src=\"https:\/\/dev.supresu.com\/wp-content\/uploads\/2023\/10\/ico-mediambiente.png\" class=\"attachment-large size-large wp-image-1605\" alt=\"\" srcset=\"https:\/\/dev.supresu.com\/wp-content\/uploads\/2023\/10\/ico-mediambiente.png 466w, https:\/\/dev.supresu.com\/wp-content\/uploads\/2023\/10\/ico-mediambiente-300x300.png 300w, https:\/\/dev.supresu.com\/wp-content\/uploads\/2023\/10\/ico-mediambiente-150x150.png 150w, https:\/\/dev.supresu.com\/wp-content\/uploads\/2023\/10\/ico-mediambiente-12x12.png 12w\" sizes=\"(max-width: 466px) 100vw, 466px\">\t\t\t\t\t\t\t\t\t\t\t\t\t\t\t<\/div>\n\t\t\t\t<\/div>\n\t\t\t\t<div class=\"elementor-element elementor-element-0c09531 elementor-widget elementor-widget-heading\" data-id=\"0c09531\" data-element_type=\"widget\" data-widget_type=\"heading.default\">\n\t\t\t\t<div class=\"elementor-widget-container\">\n\t\t\t<h3 class=\"elementor-heading-title elementor-size-default\">Environmental respect<\/h3>\t\t<\/div>\n\t\t\t\t<\/div>\n\t\t\t\t<div class=\"elementor-element elementor-element-aedd7f9 elementor-widget elementor-widget-text-editor\" data-id=\"aedd7f9\" data-element_type=\"widget\" data-widget_type=\"text-editor.default\">\n\t\t\t\t<div class=\"elementor-widget-container\">\n\t\t\t\t\t\t\t<p>The products and technologies we employ are environmentally friendly in order to prevent contamination. We comply with every legal requirement concerning us as regards environmental matters.<\/p>\t\t\t\t\t\t<\/div>\n\t\t\t\t<\/div>\n\t\t\t\t<\/div>\n\t\t<div class=\"elementor-element elementor-element-5a99e17 e-con-full e-flex e-con e-child\" data-id=\"5a99e17\" data-element_type=\"container\" data-settings=\"{&quot;content_width&quot;:&quot;full&quot;,&quot;container_type&quot;:&quot;flex&quot;}\">\n\t\t\t\t<div class=\"elementor-element elementor-element-91016dc elementor-widget elementor-widget-image\" data-id=\"91016dc\" data-element_type=\"widget\" data-widget_type=\"image.default\">\n\t\t\t\t<div class=\"elementor-widget-container\">\n\t\t\t\t\t\t\t\t\t\t\t\t\t\t\t<img decoding=\"async\" width=\"466\" height=\"466\" src=\"https:\/\/dev.supresu.com\/wp-content\/uploads\/2023\/10\/ico-empleados.png\" class=\"attachment-large size-large wp-image-1604\" alt=\"\" srcset=\"https:\/\/dev.supresu.com\/wp-content\/uploads\/2023\/10\/ico-empleados.png 466w, https:\/\/dev.supresu.com\/wp-content\/uploads\/2023\/10\/ico-empleados-300x300.png 300w, https:\/\/dev.supresu.com\/wp-content\/uploads\/2023\/10\/ico-empleados-150x150.png 150w, https:\/\/dev.supresu.com\/wp-content\/uploads\/2023\/10\/ico-empleados-12x12.png 12w\" sizes=\"(max-width: 466px) 100vw, 466px\">\t\t\t\t\t\t\t\t\t\t\t\t\t\t\t<\/div>\n\t\t\t\t<\/div>\n\t\t\t\t<div class=\"elementor-element elementor-element-fcbb713 elementor-widget elementor-widget-heading\" data-id=\"fcbb713\" data-element_type=\"widget\" data-widget_type=\"heading.default\">\n\t\t\t\t<div class=\"elementor-widget-container\">\n\t\t\t<h3 class=\"elementor-heading-title elementor-size-default\">Engaged employees<\/h3>\t\t<\/div>\n\t\t\t\t<\/div>\n\t\t\t\t<div class=\"elementor-element elementor-element-90eef6e elementor-widget elementor-widget-text-editor\" data-id=\"90eef6e\" data-element_type=\"widget\" data-widget_type=\"text-editor.default\">\n\t\t\t\t<div class=\"elementor-widget-container\">\n\t\t\t\t\t\t\t<p>We provide a good working environment and training for our employees to have them motivated, to be competent and to make them feel proud of the work developed.<\/p>\t\t\t\t\t\t<\/div>\n\t\t\t\t<\/div>\n\t\t\t\t<\/div>\n\t\t<div class=\"elementor-element elementor-element-df379e6 e-con-full e-flex e-con e-child\" data-id=\"df379e6\" data-element_type=\"container\" data-settings=\"{&quot;content_width&quot;:&quot;full&quot;,&quot;container_type&quot;:&quot;flex&quot;}\">\n\t\t\t\t<div class=\"elementor-element elementor-element-f9432ca elementor-widget elementor-widget-image\" data-id=\"f9432ca\" data-element_type=\"widget\" data-widget_type=\"image.default\">\n\t\t\t\t<div class=\"elementor-widget-container\">\n\t\t\t\t\t\t\t\t\t\t\t\t\t\t\t<img decoding=\"async\" width=\"466\" height=\"466\" src=\"https:\/\/dev.supresu.com\/wp-content\/uploads\/2023\/10\/ico-calidad.png\" class=\"attachment-large size-large wp-image-1602\" alt=\"\" srcset=\"https:\/\/dev.supresu.com\/wp-content\/uploads\/2023\/10\/ico-calidad.png 466w, https:\/\/dev.supresu.com\/wp-content\/uploads\/2023\/10\/ico-calidad-300x300.png 300w, https:\/\/dev.supresu.com\/wp-content\/uploads\/2023\/10\/ico-calidad-150x150.png 150w, https:\/\/dev.supresu.com\/wp-content\/uploads\/2023\/10\/ico-calidad-12x12.png 12w\" sizes=\"(max-width: 466px) 100vw, 466px\">\t\t\t\t\t\t\t\t\t\t\t\t\t\t\t<\/div>\n\t\t\t\t<\/div>\n\t\t\t\t<div class=\"elementor-element elementor-element-c3c656c elementor-widget elementor-widget-heading\" data-id=\"c3c656c\" data-element_type=\"widget\" data-widget_type=\"heading.default\">\n\t\t\t\t<div class=\"elementor-widget-container\">\n\t\t\t<h3 class=\"elementor-heading-title elementor-size-default\">Certified quality<\/h3>\t\t<\/div>\n\t\t\t\t<\/div>\n\t\t\t\t<div class=\"elementor-element elementor-element-0232d57 elementor-widget elementor-widget-text-editor\" data-id=\"0232d57\" data-element_type=\"widget\" data-widget_type=\"text-editor.default\">\n\t\t\t\t<div class=\"elementor-widget-container\">\n\t\t\t\t\t\t\t<p>We require our certified suppliers to guarantee the compliance with our requirements. We inspect the productive process and we issue certificates of the results obtained.<\/p>\t\t\t\t\t\t<\/div>\n\t\t\t\t<\/div>\n\t\t\t\t<\/div>\n\t\t\t\t\t<\/div>\n\t\t\t\t<\/div>\n\t\t\t\t\t<\/div>\n\t\t\t\t<\/div>\n\t\t\t\t\t<\/div>\n\t\t\t\t<\/div>\n\t\t\t\t<\/div>\n\t\t\t\t\t\t\t<\/div>","protected":false},"excerpt":{"rendered":"<p>Qui\u00e9nes somos &#8220;Desde nuestros comienzos en 1972, nos dedicamos al decoletaje de precisi\u00f3n para todos los sectores industriales.&#8221; Evoluci\u00f3n e Innovaci\u00f3n En Supresu hemos evolucionado renovando continuamente nuestro parque de maquinaria as\u00ed como nuestros elementos de verificaci\u00f3n y control llegando cada vez a clientes mas exigentes y especializ\u00e1ndonos en productos de gran complejidad ofreciendo soluciones [&hellip;]<\/p>","protected":false},"author":1,"featured_media":0,"parent":0,"menu_order":4,"comment_status":"closed","ping_status":"closed","template":"","meta":{"footnotes":""},"_links":{"self":[{"href":"https:\/\/dev.supresu.com\/en\/wp-json\/wp\/v2\/pages\/178"}],"collection":[{"href":"https:\/\/dev.supresu.com\/en\/wp-json\/wp\/v2\/pages"}],"about":[{"href":"https:\/\/dev.supresu.com\/en\/wp-json\/wp\/v2\/types\/page"}],"author":[{"embeddable":true,"href":"https:\/\/dev.supresu.com\/en\/wp-json\/wp\/v2\/users\/1"}],"replies":[{"embeddable":true,"href":"https:\/\/dev.supresu.com\/en\/wp-json\/wp\/v2\/comments?post=178"}],"version-history":[{"count":174,"href":"https:\/\/dev.supresu.com\/en\/wp-json\/wp\/v2\/pages\/178\/revisions"}],"predecessor-version":[{"id":1746,"href":"https:\/\/dev.supresu.com\/en\/wp-json\/wp\/v2\/pages\/178\/revisions\/1746"}],"wp:attachment":[{"href":"https:\/\/dev.supresu.com\/en\/wp-json\/wp\/v2\/media?parent=178"}],"curies":[{"name":"wp","href":"https:\/\/api.w.org\/{rel}","templated":true}]}}