{"id":170,"date":"2022-10-13T12:22:17","date_gmt":"2022-10-13T10:22:17","guid":{"rendered":"https:\/\/dev.supresu.com\/?page_id=170"},"modified":"2023-10-29T18:24:11","modified_gmt":"2023-10-29T17:24:11","slug":"aviso-legal","status":"publish","type":"page","link":"https:\/\/dev.supresu.com\/en\/aviso-legal\/","title":{"rendered":"Legal Notice"},"content":{"rendered":"<div data-elementor-type=\"wp-page\" data-elementor-id=\"170\" class=\"elementor elementor-170\" data-elementor-post-type=\"page\">\n\t\t\t\t\t\t\t<div class=\"elementor-element elementor-element-35b8b4d5 e-flex e-con-boxed e-con e-parent\" data-id=\"35b8b4d5\" data-element_type=\"container\" data-settings=\"{&quot;container_type&quot;:&quot;flex&quot;,&quot;content_width&quot;:&quot;boxed&quot;}\" data-core-v316-plus=\"true\">\n\t\t\t\t\t<div class=\"e-con-inner\">\n\t\t\t\t<div class=\"elementor-element elementor-element-5ea9cbe0 elementor-widget elementor-widget-text-editor\" data-id=\"5ea9cbe0\" data-element_type=\"widget\" data-widget_type=\"text-editor.default\">\n\t\t\t\t<div class=\"elementor-widget-container\">\n\t\t\t\t\t\t\t<!-- wp:paragraph -->\n<p>This space is committed to its users\u2019 rights and therefore you will have the utmost transparency and thoroughness on anything you need to know about this web.<\/p>\n<!-- \/wp:paragraph --><!-- wp:paragraph -->\n<p>This web strictly complies with the Organic Law 3\/2018, of 5th December, on Personal Data Protection and guarantee of digital rights (LOPDGDD). It also complies with the Regulation of the European Parliament and of the Council of 27th April 2016 on the protection of natural persons (GRDP), and Law 34\/2002 of 11th July, of Services of the Information and E-Commerce Society (LSSICE or LSSI).<\/p>\n<!-- \/wp:paragraph --><!-- wp:paragraph -->\n<p>The services and\/or products are only available for legal persons and people over 16 years old.<\/p>\n<!-- \/wp:paragraph --><!-- wp:heading -->\n<h2 id=\"identificador-del-responsable-de-la-web\" class=\"wp-block-heading\">Web\u2019s responsible identifier:<\/h2>\n<!-- \/wp:heading --><!-- wp:list -->\n<ul><!-- wp:list-item -->\n<li><strong>Company name<\/strong>: SUPRESU S.L.<\/li>\n<!-- \/wp:list-item --><!-- wp:list-item -->\n<li><strong>Tax ID (CIF\/NIF)<\/strong>: B20037867<\/li>\n<!-- \/wp:list-item --><!-- wp:list-item -->\n<li><strong>E-mail<\/strong>: <a href=\"mailto:info@supresu.com\">info@supresu.com<\/a><\/li>\n<!-- \/wp:list-item --><!-- wp:list-item -->\n<li><strong>Registered address<\/strong>:<\/li>\n<!-- \/wp:list-item --><!-- wp:list-item -->\n<li>Pol\u00edgono Industrial Eskuzaitzeta. Txaldatxur 4 \u2013 20160 Zubieta (Espa\u00f1a)<\/li>\n<!-- \/wp:list-item --><\/ul>\n<!-- \/wp:list --><!-- wp:heading -->\n<h2 id=\"te-preocupan-tus-datos-personales\" class=\"wp-block-heading\">Are you worried about your personal data?<\/h2>\n<!-- \/wp:heading --><!-- wp:paragraph -->\n<p>Please, read our\u00a0<a href=\"https:\/\/dev.supresu.com\/en\/politica-de-privacidad\/\" data-type=\"URL\" data-id=\"https:\/\/dev.supresu.com\/politica-de-privacidad\/\">Privacy Policy<\/a>.<\/p>\n<!-- \/wp:paragraph --><!-- wp:heading -->\n<h2 id=\"compromisos-y-obligaciones-de-los-usuarios\" class=\"wp-block-heading\">Users\u2019 commitments and duties<\/h2>\n<!-- \/wp:heading --><!-- wp:paragraph -->\n<p>The user is informed of, and agrees that accessing this web does not mean, under no circumstances, to start a commercial relation with SUPRESU. Thus, the user agrees to use the web site, its services and contents without infringing the current law, the good faith and public order.<\/p>\n<!-- \/wp:paragraph --><!-- wp:paragraph -->\n<p>It is prohibited to use the web with illegal or damaging purposes, or damaging or preventing, in any way, the normal functioning of the web site. As regards the contents of this web, it is prohibited:<\/p>\n<!-- \/wp:paragraph --><!-- wp:list -->\n<ul><!-- wp:list-item -->\n<li>To reproduce, distribute or modify it totally or partially, unless you have my authorisation as legal owner.<\/li>\n<!-- \/wp:list-item --><!-- wp:list-item -->\n<li>Any failure to comply with the rights of the provider or my rights as legal owner.<\/li>\n<!-- \/wp:list-item --><!-- wp:list-item -->\n<li>Its use for commercial or advertising purposes.<\/li>\n<!-- \/wp:list-item --><\/ul>\n<!-- \/wp:list --><!-- wp:paragraph -->\n<p>While using the web supresu.com, the user agrees not to damage the image, interests and rights of SUPRESU or of third parties with his\/her conduct, or to damage, invalidate or overload the portal supresu.com or prevent, in any way, the normal use of the web.<\/p>\n<!-- \/wp:paragraph --><!-- wp:paragraph -->\n<p>However, the user must be aware that the security measures of computer systems on the Internet are not entirely reliable, and therefore supresu.com cannot guarantee the non-existence of malware and other elements that may cause alterations in the computer systems (software and hardware) of the user or in his\/her electronic documents and files included therein, although we implement all the necessary means and the relevant security measures to avoid the presence of damaging elements.<\/p>\n<!-- \/wp:paragraph --><!-- wp:heading -->\n<h2 id=\"medidas-de-seguridad\" class=\"wp-block-heading\">Security measures<\/h2>\n<!-- \/wp:heading --><!-- wp:paragraph -->\n<p>The personal data communicated by the user to SUPRESU may be stored in computerised data bases or not, owned exclusively by SUPRESU S.L., and the later takes all the technical, organisational and security measures guaranteeing the confidentiality, integrity and quality of the information contained therein in accordance with the provisions of the current regulation regarding data protection.<\/p>\n<!-- \/wp:paragraph --><!-- wp:paragraph -->\n<p>The communication between users and supresu.com employs a secure channel, and the data provided are encrypted thanks to https protocols, therefore, I guarantee the best security conditions so that the confidentiality of the users is guaranteed.<\/p>\n<!-- \/wp:paragraph --><!-- wp:heading -->\n<h2 id=\"plataforma-de-resolucion-de-conflictos\" class=\"wp-block-heading\">Plataforma de resoluci\u00f3n de conflictos<\/h2>\n<!-- \/wp:heading --><!-- wp:paragraph -->\n<p>Pongo tambi\u00e9n a disposici\u00f3n de los usuarios la plataforma de resoluci\u00f3n de litigios que facilita la Comisi\u00f3n Europea y que se encuentra disponible en el siguiente enlace:\u00a0 <a href=\"\/en\/ http:\/ec.europa.eu\/consumers\/odr\/\"><em>http:\/\/ec.europa.eu\/consumers\/odr\/<\/em><\/a><\/p>\n<!-- \/wp:paragraph --><!-- wp:heading -->\n<h2 id=\"exclusion-de-garantias-y-responsable\" class=\"wp-block-heading\">Exclusi\u00f3n de garant\u00edas y responsable<\/h2>\n<!-- \/wp:heading --><!-- wp:paragraph -->\n<p>SUPRESU no otorga ninguna garant\u00eda ni se hace responsable, en ning\u00fan caso, de los da\u00f1os y perjuicios de cualquier naturaleza que pudieran traer causa de:<\/p>\n<!-- \/wp:paragraph --><!-- wp:list -->\n<ul><!-- wp:list-item -->\n<li>La falta de disponibilidad, mantenimiento y efectivo funcionamiento de la web, o de sus servicios y contenidos.<\/li>\n<!-- \/wp:list-item --><!-- wp:list-item -->\n<li>La existencia de malware, programas maliciosos o lesivos en los contenidos.<\/li>\n<!-- \/wp:list-item --><!-- wp:list-item -->\n<li>El uso il\u00edcito, negligente, fraudulento o contrario a este Aviso Legal.<\/li>\n<!-- \/wp:list-item --><!-- wp:list-item -->\n<li>La falta de licitud, calidad, fiabilidad, utilidad y disponibilidad de los servicios prestados por terceros y puestos a disposici\u00f3n de los usuarios en el sitio web.<\/li>\n<!-- \/wp:list-item --><!-- wp:list-item -->\n<li>El prestador no se hace responsable bajo ning\u00fan concepto de los da\u00f1os que pudieran dimanar del uso ilegal o indebido de la presente p\u00e1gina web.<\/li>\n<!-- \/wp:list-item --><\/ul>\n<!-- \/wp:list --><!-- wp:heading -->\n<h2 id=\"ley-aplicable-y-jurisdiccion\" class=\"wp-block-heading\">Ley aplicable y jurisdicci\u00f3n<\/h2>\n<!-- \/wp:heading --><!-- wp:paragraph -->\n<p>Con car\u00e1cter general las relaciones entre SUPRESU con los usuarios de sus servicios telem\u00e1ticos, presentes en esta web se encuentran sometidas a la legislaci\u00f3n y jurisdicci\u00f3n espa\u00f1olas y a los tribunales de Gipuzkoa.<\/p>\n<!-- \/wp:paragraph --><!-- wp:paragraph -->\n<p>\u00a0En caso de que cualquier usuario tuviese alguna duda acerca de estas Condiciones legales o cualquier comentario sobre el portal supresu.com, por favor dir\u00edjase a info@supresu.com.<\/p>\n<!-- \/wp:paragraph --><!-- wp:paragraph -->\n<p>Este aviso legal ha sido actualizado por \u00faltima vez el 28\/10\/2023.<\/p>\n<!-- \/wp:paragraph -->\t\t\t\t\t\t<\/div>\n\t\t\t\t<\/div>\n\t\t\t\t\t<\/div>\n\t\t\t\t<\/div>\n\t\t\t\t\t\t\t<\/div>","protected":false},"excerpt":{"rendered":"<p>Est\u00e1s en un espacio comprometido con los derechos de sus usuarios y por esa raz\u00f3n, tendr\u00e1s m\u00e1xima transparencia y rigor sobre todo que necesitas saber sobre esta web. Esta web cumple rigurosamente con la Ley Org\u00e1nica 3\/2018, de 5 de diciembre, de Protecci\u00f3n de Datos Personales y garant\u00eda de los derechos digitales (LOPDGDD). Cumple tambi\u00e9n [&hellip;]<\/p>","protected":false},"author":1,"featured_media":0,"parent":0,"menu_order":7,"comment_status":"closed","ping_status":"closed","template":"","meta":{"footnotes":""},"_links":{"self":[{"href":"https:\/\/dev.supresu.com\/en\/wp-json\/wp\/v2\/pages\/170"}],"collection":[{"href":"https:\/\/dev.supresu.com\/en\/wp-json\/wp\/v2\/pages"}],"about":[{"href":"https:\/\/dev.supresu.com\/en\/wp-json\/wp\/v2\/types\/page"}],"author":[{"embeddable":true,"href":"https:\/\/dev.supresu.com\/en\/wp-json\/wp\/v2\/users\/1"}],"replies":[{"embeddable":true,"href":"https:\/\/dev.supresu.com\/en\/wp-json\/wp\/v2\/comments?post=170"}],"version-history":[{"count":8,"href":"https:\/\/dev.supresu.com\/en\/wp-json\/wp\/v2\/pages\/170\/revisions"}],"predecessor-version":[{"id":1732,"href":"https:\/\/dev.supresu.com\/en\/wp-json\/wp\/v2\/pages\/170\/revisions\/1732"}],"wp:attachment":[{"href":"https:\/\/dev.supresu.com\/en\/wp-json\/wp\/v2\/media?parent=170"}],"curies":[{"name":"wp","href":"https:\/\/api.w.org\/{rel}","templated":true}]}}