{"id":1681,"date":"2023-10-29T09:46:38","date_gmt":"2023-10-29T08:46:38","guid":{"rendered":"https:\/\/dev.supresu.com\/?page_id=1681"},"modified":"2023-11-02T20:27:42","modified_gmt":"2023-11-02T19:27:42","slug":"tecnologia-y-calidad","status":"publish","type":"page","link":"https:\/\/dev.supresu.com\/en\/tecnologia-y-calidad\/","title":{"rendered":"Technology and quality"},"content":{"rendered":"<div data-elementor-type=\"wp-page\" data-elementor-id=\"1681\" class=\"elementor elementor-1681\" data-elementor-post-type=\"page\">\n\t\t\t\t\t\t\t<div class=\"elementor-element elementor-element-85f470c e-con-full e-flex e-con e-parent\" data-id=\"85f470c\" data-element_type=\"container\" data-settings=\"{&quot;background_background&quot;:&quot;classic&quot;,&quot;content_width&quot;:&quot;full&quot;,&quot;container_type&quot;:&quot;flex&quot;}\" data-core-v316-plus=\"true\">\n\t\t<div class=\"elementor-element elementor-element-0998e2c fc-container-equal-l e-flex e-con-boxed e-con e-child\" data-id=\"0998e2c\" data-element_type=\"container\" data-settings=\"{&quot;container_type&quot;:&quot;flex&quot;,&quot;content_width&quot;:&quot;boxed&quot;}\">\n\t\t\t\t\t<div class=\"e-con-inner\">\n\t\t\t\t<div class=\"elementor-element elementor-element-23b86b0 elementor-widget elementor-widget-heading\" data-id=\"23b86b0\" data-element_type=\"widget\" data-widget_type=\"heading.default\">\n\t\t\t\t<div class=\"elementor-widget-container\">\n\t\t\t<h1 class=\"elementor-heading-title elementor-size-default\">Technology and quality<\/h1>\t\t<\/div>\n\t\t\t\t<\/div>\n\t\t\t\t\t<\/div>\n\t\t\t\t<\/div>\n\t\t\t\t<\/div>\n\t\t<div class=\"elementor-element elementor-element-ceb78b1 fc-container-padding-l e-flex e-con-boxed e-con e-parent\" data-id=\"ceb78b1\" data-element_type=\"container\" data-settings=\"{&quot;background_background&quot;:&quot;classic&quot;,&quot;container_type&quot;:&quot;flex&quot;,&quot;content_width&quot;:&quot;boxed&quot;}\" data-core-v316-plus=\"true\">\n\t\t\t\t\t<div class=\"e-con-inner\">\n\t\t<div class=\"elementor-element elementor-element-e769cd6 e-flex e-con-boxed e-con e-child\" data-id=\"e769cd6\" data-element_type=\"container\" data-settings=\"{&quot;container_type&quot;:&quot;flex&quot;,&quot;content_width&quot;:&quot;boxed&quot;}\">\n\t\t\t\t\t<div class=\"e-con-inner\">\n\t\t\t\t<div class=\"elementor-element elementor-element-7d16869 elementor-widget elementor-widget-heading\" data-id=\"7d16869\" data-element_type=\"widget\" data-widget_type=\"heading.default\">\n\t\t\t\t<div class=\"elementor-widget-container\">\n\t\t\t<h2 class=\"elementor-heading-title elementor-size-default translation-block\">\u201cOur extended <b>experience manufacturing high precision parts<\/b> allows us to advise our customers on the best way to achieve the result they need\u201d.<\/h2>\t\t<\/div>\n\t\t\t\t<\/div>\n\t\t\t\t\t<\/div>\n\t\t\t\t<\/div>\n\t\t\t\t\t<\/div>\n\t\t\t\t<\/div>\n\t\t<div class=\"elementor-element elementor-element-e13101c e-con-full fc-container-padding e-flex e-con e-parent\" data-id=\"e13101c\" data-element_type=\"container\" data-settings=\"{&quot;background_background&quot;:&quot;classic&quot;,&quot;content_width&quot;:&quot;full&quot;,&quot;container_type&quot;:&quot;flex&quot;}\" data-core-v316-plus=\"true\">\n\t\t<div class=\"elementor-element elementor-element-d24dde0 e-flex e-con-boxed e-con e-child\" data-id=\"d24dde0\" data-element_type=\"container\" data-settings=\"{&quot;container_type&quot;:&quot;flex&quot;,&quot;content_width&quot;:&quot;boxed&quot;}\">\n\t\t\t\t\t<div class=\"e-con-inner\">\n\t\t<div class=\"elementor-element elementor-element-d949a6b fc-container-col e-flex e-con-boxed e-con e-child\" data-id=\"d949a6b\" data-element_type=\"container\" data-settings=\"{&quot;container_type&quot;:&quot;flex&quot;,&quot;content_width&quot;:&quot;boxed&quot;}\">\n\t\t\t\t\t<div class=\"e-con-inner\">\n\t\t\t\t<div class=\"elementor-element elementor-element-e344d6f elementor-widget elementor-widget-heading\" data-id=\"e344d6f\" data-element_type=\"widget\" data-widget_type=\"heading.default\">\n\t\t\t\t<div class=\"elementor-widget-container\">\n\t\t\t<h2 class=\"elementor-heading-title elementor-size-default\"><b>Our Know-How<\/b> available to you<\/h2>\t\t<\/div>\n\t\t\t\t<\/div>\n\t\t\t\t<div class=\"elementor-element elementor-element-64f3a06 elementor-widget-divider--view-line elementor-widget elementor-widget-divider\" data-id=\"64f3a06\" data-element_type=\"widget\" data-widget_type=\"divider.default\">\n\t\t\t\t<div class=\"elementor-widget-container\">\n\t\t\t\t\t<div class=\"elementor-divider\">\n\t\t\t<span class=\"elementor-divider-separator\">\n\t\t\t\t\t\t<\/span>\n\t\t<\/div>\n\t\t\t\t<\/div>\n\t\t\t\t<\/div>\n\t\t\t\t<div class=\"elementor-element elementor-element-fb6e509 elementor-widget elementor-widget-text-editor\" data-id=\"fb6e509\" data-element_type=\"widget\" data-widget_type=\"text-editor.default\">\n\t\t\t\t<div class=\"elementor-widget-container\">\n\t\t\t\t\t\t\t<p>We help to develop the parts from the beginning to the end, taking measures, selecting materials and defining tolerances, planning the production and the critical points of inspection.<\/p><p><strong>WE SIMULATE EVERY MANUFACTURE WITH A DIGITAL TWIN<\/strong><\/p><p>Based on the solid element provided by the customer, our CAD\/CAM programmes allow us to simulate its manufacturing with a digital twin. So that, when everything is alright, it goes to the actual machine, thus reducing modification times and optimising its production to the most.<\/p><p>We also create the control plan in a tri-dimensional machine, where we examine the maximum features possible with automatic measurings, avoiding human measuring errors.<\/p>\t\t\t\t\t\t<\/div>\n\t\t\t\t<\/div>\n\t\t\t\t\t<\/div>\n\t\t\t\t<\/div>\n\t\t<div class=\"elementor-element elementor-element-a437886 fc-container-col e-flex e-con-boxed e-con e-child\" data-id=\"a437886\" data-element_type=\"container\" data-settings=\"{&quot;container_type&quot;:&quot;flex&quot;,&quot;content_width&quot;:&quot;boxed&quot;}\">\n\t\t\t\t\t<div class=\"e-con-inner\">\n\t\t\t\t<div class=\"elementor-element elementor-element-a75b238 elementor-widget elementor-widget-image\" data-id=\"a75b238\" data-element_type=\"widget\" data-widget_type=\"image.default\">\n\t\t\t\t<div class=\"elementor-widget-container\">\n\t\t\t\t\t\t\t\t\t\t\t\t\t\t\t<img decoding=\"async\" width=\"800\" height=\"553\" src=\"https:\/\/dev.supresu.com\/wp-content\/uploads\/2023\/10\/supresu-tecnologia-genemo-digital-1024x708.jpg\" class=\"attachment-large size-large wp-image-1685\" alt=\"\" srcset=\"https:\/\/dev.supresu.com\/wp-content\/uploads\/2023\/10\/supresu-tecnologia-genemo-digital-1024x708.jpg 1024w, https:\/\/dev.supresu.com\/wp-content\/uploads\/2023\/10\/supresu-tecnologia-genemo-digital-300x207.jpg 300w, https:\/\/dev.supresu.com\/wp-content\/uploads\/2023\/10\/supresu-tecnologia-genemo-digital-768x531.jpg 768w, https:\/\/dev.supresu.com\/wp-content\/uploads\/2023\/10\/supresu-tecnologia-genemo-digital-18x12.jpg 18w, https:\/\/dev.supresu.com\/wp-content\/uploads\/2023\/10\/supresu-tecnologia-genemo-digital.jpg 1167w\" sizes=\"(max-width: 800px) 100vw, 800px\">\t\t\t\t\t\t\t\t\t\t\t\t\t\t\t<\/div>\n\t\t\t\t<\/div>\n\t\t\t\t\t<\/div>\n\t\t\t\t<\/div>\n\t\t\t\t\t<\/div>\n\t\t\t\t<\/div>\n\t\t\t\t<\/div>\n\t\t<div class=\"elementor-element elementor-element-454a12b e-con-full fc-container-padding e-flex e-con e-parent\" data-id=\"454a12b\" data-element_type=\"container\" data-settings=\"{&quot;background_background&quot;:&quot;classic&quot;,&quot;content_width&quot;:&quot;full&quot;,&quot;container_type&quot;:&quot;flex&quot;}\" data-core-v316-plus=\"true\">\n\t\t<div class=\"elementor-element elementor-element-2f72350 e-flex e-con-boxed e-con e-child\" data-id=\"2f72350\" data-element_type=\"container\" data-settings=\"{&quot;container_type&quot;:&quot;flex&quot;,&quot;content_width&quot;:&quot;boxed&quot;}\">\n\t\t\t\t\t<div class=\"e-con-inner\">\n\t\t<div class=\"elementor-element elementor-element-b28233c fc-container-col e-flex e-con-boxed e-con e-child\" data-id=\"b28233c\" data-element_type=\"container\" data-settings=\"{&quot;container_type&quot;:&quot;flex&quot;,&quot;content_width&quot;:&quot;boxed&quot;}\">\n\t\t\t\t\t<div class=\"e-con-inner\">\n\t\t\t\t<div class=\"elementor-element elementor-element-1b4f9f7 elementor-widget elementor-widget-heading\" data-id=\"1b4f9f7\" data-element_type=\"widget\" data-widget_type=\"heading.default\">\n\t\t\t\t<div class=\"elementor-widget-container\">\n\t\t\t<h2 class=\"elementor-heading-title elementor-size-default translation-block\"><b>Our quality lab <\/b>at your service<\/h2>\t\t<\/div>\n\t\t\t\t<\/div>\n\t\t\t\t<div class=\"elementor-element elementor-element-feb5427 elementor-widget-divider--view-line elementor-widget elementor-widget-divider\" data-id=\"feb5427\" data-element_type=\"widget\" data-widget_type=\"divider.default\">\n\t\t\t\t<div class=\"elementor-widget-container\">\n\t\t\t\t\t<div class=\"elementor-divider\">\n\t\t\t<span class=\"elementor-divider-separator\">\n\t\t\t\t\t\t<\/span>\n\t\t<\/div>\n\t\t\t\t<\/div>\n\t\t\t\t<\/div>\n\t\t\t\t<div class=\"elementor-element elementor-element-f82013e elementor-widget elementor-widget-text-editor\" data-id=\"f82013e\" data-element_type=\"widget\" data-widget_type=\"text-editor.default\">\n\t\t\t\t<div class=\"elementor-widget-container\">\n\t\t\t\t\t\t\t<p>We have the best measuring machines in a conditioned room at 20o C not only to measure our parts but we also offer the service to our customers to measure both simple parts and assemblies.<\/p><p>The market keeps increasing its demands over time so we have automatic three-dimensional measuring machines that allow us to ensure measures in microns and to avoid human errors.<\/p><p>Data collection and their subsequent analysis are carried out with the statistics programme \u201cMEASURLINK\u201d of the Mitutoyo brand.<\/p>\t\t\t\t\t\t<\/div>\n\t\t\t\t<\/div>\n\t\t\t\t\t<\/div>\n\t\t\t\t<\/div>\n\t\t<div class=\"elementor-element elementor-element-09ec8a5 fc-container-col e-flex e-con-boxed e-con e-child\" data-id=\"09ec8a5\" data-element_type=\"container\" data-settings=\"{&quot;container_type&quot;:&quot;flex&quot;,&quot;content_width&quot;:&quot;boxed&quot;}\">\n\t\t\t\t\t<div class=\"e-con-inner\">\n\t\t\t\t<div class=\"elementor-element elementor-element-25d799f elementor-widget elementor-widget-image\" data-id=\"25d799f\" data-element_type=\"widget\" data-widget_type=\"image.default\">\n\t\t\t\t<div class=\"elementor-widget-container\">\n\t\t\t\t\t\t\t\t\t\t\t\t\t\t\t<img decoding=\"async\" width=\"800\" height=\"540\" src=\"https:\/\/dev.supresu.com\/wp-content\/uploads\/2023\/10\/supresu-tecnologia-laboratorio.jpg\" class=\"attachment-large size-large wp-image-1686\" alt=\"\" srcset=\"https:\/\/dev.supresu.com\/wp-content\/uploads\/2023\/10\/supresu-tecnologia-laboratorio.jpg 960w, https:\/\/dev.supresu.com\/wp-content\/uploads\/2023\/10\/supresu-tecnologia-laboratorio-300x203.jpg 300w, https:\/\/dev.supresu.com\/wp-content\/uploads\/2023\/10\/supresu-tecnologia-laboratorio-768x518.jpg 768w, https:\/\/dev.supresu.com\/wp-content\/uploads\/2023\/10\/supresu-tecnologia-laboratorio-18x12.jpg 18w\" sizes=\"(max-width: 800px) 100vw, 800px\">\t\t\t\t\t\t\t\t\t\t\t\t\t\t\t<\/div>\n\t\t\t\t<\/div>\n\t\t\t\t\t<\/div>\n\t\t\t\t<\/div>\n\t\t\t\t\t<\/div>\n\t\t\t\t<\/div>\n\t\t\t\t<\/div>\n\t\t\t\t\t\t\t<\/div>","protected":false},"excerpt":{"rendered":"<p>Tecnolog\u00eda y calidad &#8220;Nuestra dilatada experiencia en la fabricaci\u00f3n de componentes de alta precisi\u00f3n, nos permite asesorar a nuestros clientes de la mejor manera para conseguir el resultado que necesitan.&#8221; Nuestro Know-How a tu disposici\u00f3n Ayudamos en el desarrollo de los componentes de principio a fin, dimensionamiento, selecci\u00f3n de materiales y la definici\u00f3n de tolerancias, [&hellip;]<\/p>","protected":false},"author":2,"featured_media":0,"parent":0,"menu_order":2,"comment_status":"closed","ping_status":"closed","template":"","meta":{"footnotes":""},"_links":{"self":[{"href":"https:\/\/dev.supresu.com\/en\/wp-json\/wp\/v2\/pages\/1681"}],"collection":[{"href":"https:\/\/dev.supresu.com\/en\/wp-json\/wp\/v2\/pages"}],"about":[{"href":"https:\/\/dev.supresu.com\/en\/wp-json\/wp\/v2\/types\/page"}],"author":[{"embeddable":true,"href":"https:\/\/dev.supresu.com\/en\/wp-json\/wp\/v2\/users\/2"}],"replies":[{"embeddable":true,"href":"https:\/\/dev.supresu.com\/en\/wp-json\/wp\/v2\/comments?post=1681"}],"version-history":[{"count":16,"href":"https:\/\/dev.supresu.com\/en\/wp-json\/wp\/v2\/pages\/1681\/revisions"}],"predecessor-version":[{"id":1739,"href":"https:\/\/dev.supresu.com\/en\/wp-json\/wp\/v2\/pages\/1681\/revisions\/1739"}],"wp:attachment":[{"href":"https:\/\/dev.supresu.com\/en\/wp-json\/wp\/v2\/media?parent=1681"}],"curies":[{"name":"wp","href":"https:\/\/api.w.org\/{rel}","templated":true}]}}