{"id":1667,"date":"2023-10-29T09:12:51","date_gmt":"2023-10-29T08:12:51","guid":{"rendered":"https:\/\/dev.supresu.com\/?page_id=1667"},"modified":"2023-11-04T10:05:44","modified_gmt":"2023-11-04T09:05:44","slug":"servicios","status":"publish","type":"page","link":"https:\/\/dev.supresu.com\/en\/servicios\/","title":{"rendered":"Services"},"content":{"rendered":"<div data-elementor-type=\"wp-page\" data-elementor-id=\"1667\" class=\"elementor elementor-1667\" data-elementor-post-type=\"page\">\n\t\t\t\t\t\t\t<div class=\"elementor-element elementor-element-72b463d e-con-full e-flex e-con e-parent\" data-id=\"72b463d\" data-element_type=\"container\" data-settings=\"{&quot;background_background&quot;:&quot;classic&quot;,&quot;content_width&quot;:&quot;full&quot;,&quot;container_type&quot;:&quot;flex&quot;}\" data-core-v316-plus=\"true\">\n\t\t<div class=\"elementor-element elementor-element-4d20ca1 fc-container-equal-l e-flex e-con-boxed e-con e-child\" data-id=\"4d20ca1\" data-element_type=\"container\" data-settings=\"{&quot;container_type&quot;:&quot;flex&quot;,&quot;content_width&quot;:&quot;boxed&quot;}\">\n\t\t\t\t\t<div class=\"e-con-inner\">\n\t\t\t\t<div class=\"elementor-element elementor-element-82ab742 elementor-widget elementor-widget-heading\" data-id=\"82ab742\" data-element_type=\"widget\" data-widget_type=\"heading.default\">\n\t\t\t\t<div class=\"elementor-widget-container\">\n\t\t\t<h1 class=\"elementor-heading-title elementor-size-default\">Services<\/h1>\t\t<\/div>\n\t\t\t\t<\/div>\n\t\t\t\t\t<\/div>\n\t\t\t\t<\/div>\n\t\t\t\t<\/div>\n\t\t<div class=\"elementor-element elementor-element-2bcefe6 e-con-full e-flex e-con e-parent\" data-id=\"2bcefe6\" data-element_type=\"container\" data-settings=\"{&quot;background_background&quot;:&quot;classic&quot;,&quot;content_width&quot;:&quot;full&quot;,&quot;container_type&quot;:&quot;flex&quot;}\" data-core-v316-plus=\"true\">\n\t\t<div class=\"elementor-element elementor-element-13df870 fc-container-padding-l e-flex e-con-boxed elementor-invisible e-con e-child\" data-id=\"13df870\" data-element_type=\"container\" data-settings=\"{&quot;animation&quot;:&quot;fadeIn&quot;,&quot;animation_delay&quot;:800,&quot;container_type&quot;:&quot;flex&quot;,&quot;content_width&quot;:&quot;boxed&quot;}\">\n\t\t\t\t\t<div class=\"e-con-inner\">\n\t\t\t\t<div class=\"elementor-element elementor-element-0583a2d elementor-widget elementor-widget-heading\" data-id=\"0583a2d\" data-element_type=\"widget\" data-widget_type=\"heading.default\">\n\t\t\t\t<div class=\"elementor-widget-container translation-block\"><span class=\"elementor-heading-title elementor-size-default\"><b>Industrial <\/b>sector<\/span><\/div>\n\t\t\t\t<\/div>\n\t\t\t\t<div class=\"elementor-element elementor-element-2c4145b elementor-widget-divider--view-line elementor-widget elementor-widget-divider\" data-id=\"2c4145b\" data-element_type=\"widget\" data-widget_type=\"divider.default\">\n\t\t\t\t<div class=\"elementor-widget-container\">\n\t\t\t\t\t<div class=\"elementor-divider\">\n\t\t\t<span class=\"elementor-divider-separator\">\n\t\t\t\t\t\t<\/span>\n\t\t<\/div>\n\t\t\t\t<\/div>\n\t\t\t\t<\/div>\n\t\t\t\t<div class=\"elementor-element elementor-element-94953e1 elementor-widget elementor-widget-text-editor\" data-id=\"94953e1\" data-element_type=\"widget\" data-widget_type=\"text-editor.default\">\n\t\t\t\t<div class=\"elementor-widget-container\">\n\t\t\t\t\t\t\t<p>We manufacture parts for different industries: Hydraulics, hydrogen, automation, aeronautics, locksmiths, machinery construction... Any industry requiring high precision parts. \nWe work with different materials such as brass, aluminium, stainless steels, special steels, titanium, technical plastics, etc.<\/p><p>We produce from initial series of proto-types to large series. We offer the customer the complete solution from machining, processing, coating, rectification, laser branding, to assembly and blister packaging.<\/p>\t\t\t\t\t\t<\/div>\n\t\t\t\t<\/div>\n\t\t\t\t\t<\/div>\n\t\t\t\t<\/div>\n\t\t\t\t<\/div>\n\t\t<div class=\"elementor-element elementor-element-4a2d655 e-flex e-con-boxed e-con e-parent\" data-id=\"4a2d655\" data-element_type=\"container\" data-settings=\"{&quot;background_background&quot;:&quot;classic&quot;,&quot;container_type&quot;:&quot;flex&quot;,&quot;content_width&quot;:&quot;boxed&quot;}\" data-core-v316-plus=\"true\">\n\t\t\t\t\t<div class=\"e-con-inner\">\n\t\t\t\t\t<\/div>\n\t\t\t\t<\/div>\n\t\t<div class=\"elementor-element elementor-element-56fe318 e-con-full e-flex e-con e-parent\" data-id=\"56fe318\" data-element_type=\"container\" data-settings=\"{&quot;background_background&quot;:&quot;classic&quot;,&quot;content_width&quot;:&quot;full&quot;,&quot;container_type&quot;:&quot;flex&quot;}\" data-core-v316-plus=\"true\">\n\t\t<div class=\"elementor-element elementor-element-276400f fc-container-padding-l e-flex e-con-boxed elementor-invisible e-con e-child\" data-id=\"276400f\" data-element_type=\"container\" data-settings=\"{&quot;animation&quot;:&quot;fadeIn&quot;,&quot;animation_delay&quot;:800,&quot;container_type&quot;:&quot;flex&quot;,&quot;content_width&quot;:&quot;boxed&quot;}\">\n\t\t\t\t\t<div class=\"e-con-inner\">\n\t\t\t\t<div class=\"elementor-element elementor-element-9b33545 elementor-widget elementor-widget-heading\" data-id=\"9b33545\" data-element_type=\"widget\" data-widget_type=\"heading.default\">\n\t\t\t\t<div class=\"elementor-widget-container translation-block\"><span class=\"elementor-heading-title elementor-size-default\"><b>Medical\/dental <\/b>sector<\/span><\/div>\n\t\t\t\t<\/div>\n\t\t\t\t<div class=\"elementor-element elementor-element-f45cfe6 elementor-widget-divider--view-line elementor-widget elementor-widget-divider\" data-id=\"f45cfe6\" data-element_type=\"widget\" data-widget_type=\"divider.default\">\n\t\t\t\t<div class=\"elementor-widget-container\">\n\t\t\t\t\t<div class=\"elementor-divider\">\n\t\t\t<span class=\"elementor-divider-separator\">\n\t\t\t\t\t\t<\/span>\n\t\t<\/div>\n\t\t\t\t<\/div>\n\t\t\t\t<\/div>\n\t\t\t\t<div class=\"elementor-element elementor-element-3424698 elementor-widget elementor-widget-text-editor\" data-id=\"3424698\" data-element_type=\"widget\" data-widget_type=\"text-editor.default\">\n\t\t\t\t<div class=\"elementor-widget-container\">\n\t\t\t\t\t\t\t<p>To manufacture this kind of parts it is necessary to have a very qualified technical team and the best production means. We have wide experience manufacturing parts, denture attachments, surgical instruments and parts for medical equipment.<\/p><p>We work with different specific materials required by the industry such as titanium, cobalt-chromium, stainless steels, peek, pom and other types of alloys.<\/p>\t\t\t\t\t\t<\/div>\n\t\t\t\t<\/div>\n\t\t\t\t\t<\/div>\n\t\t\t\t<\/div>\n\t\t\t\t<\/div>\n\t\t<div class=\"elementor-element elementor-element-2b4f324 e-flex e-con-boxed e-con e-parent\" data-id=\"2b4f324\" data-element_type=\"container\" data-settings=\"{&quot;background_background&quot;:&quot;classic&quot;,&quot;container_type&quot;:&quot;flex&quot;,&quot;content_width&quot;:&quot;boxed&quot;}\" data-core-v316-plus=\"true\">\n\t\t\t\t\t<div class=\"e-con-inner\">\n\t\t\t\t\t<\/div>\n\t\t\t\t<\/div>\n\t\t\t\t\t\t\t<\/div>","protected":false},"excerpt":{"rendered":"<p>Servicios Sector Industrial Fabricamos piezas para diferentes sectores: Hidr\u00e1ulica, hidr\u00f3geno, automoci\u00f3n, aeron\u00e1utica, cerrajer\u00eda, construcci\u00f3n de maquinaria\u2026. Todo sector que requiera piezas de alta precisi\u00f3n. Trabajamos diferentes materiales como lat\u00f3n, aluminio, aceros inoxidables, aceros especiales, titanios, pl\u00e1sticos t\u00e9cnicos, etc. Producimos desde series iniciales de prototipado hasta grandes series. Damos al cliente la soluci\u00f3n completa desde el [&hellip;]<\/p>","protected":false},"author":2,"featured_media":0,"parent":0,"menu_order":3,"comment_status":"closed","ping_status":"closed","template":"","meta":{"footnotes":""},"_links":{"self":[{"href":"https:\/\/dev.supresu.com\/en\/wp-json\/wp\/v2\/pages\/1667"}],"collection":[{"href":"https:\/\/dev.supresu.com\/en\/wp-json\/wp\/v2\/pages"}],"about":[{"href":"https:\/\/dev.supresu.com\/en\/wp-json\/wp\/v2\/types\/page"}],"author":[{"embeddable":true,"href":"https:\/\/dev.supresu.com\/en\/wp-json\/wp\/v2\/users\/2"}],"replies":[{"embeddable":true,"href":"https:\/\/dev.supresu.com\/en\/wp-json\/wp\/v2\/comments?post=1667"}],"version-history":[{"count":13,"href":"https:\/\/dev.supresu.com\/en\/wp-json\/wp\/v2\/pages\/1667\/revisions"}],"predecessor-version":[{"id":1759,"href":"https:\/\/dev.supresu.com\/en\/wp-json\/wp\/v2\/pages\/1667\/revisions\/1759"}],"wp:attachment":[{"href":"https:\/\/dev.supresu.com\/en\/wp-json\/wp\/v2\/media?parent=1667"}],"curies":[{"name":"wp","href":"https:\/\/api.w.org\/{rel}","templated":true}]}}